{"id":3884,"date":"2026-03-11T15:16:26","date_gmt":"2026-03-11T14:16:26","guid":{"rendered":"https:\/\/www.etm-elektro.com\/kariera\/"},"modified":"2026-03-17T10:07:03","modified_gmt":"2026-03-17T09:07:03","slug":"kariera","status":"publish","type":"page","link":"https:\/\/www.etm-elektro.com\/pl\/kariera\/","title":{"rendered":"Kariera"},"content":{"rendered":"<p>[et_pb_section fb_built=&#8221;1&#8243; _builder_version=&#8221;4.16&#8243; global_colors_info=&#8221;{}&#8221;][et_pb_row _builder_version=&#8221;4.16&#8243; global_colors_info=&#8221;{}&#8221;][et_pb_column type=&#8221;4_4&#8243; _builder_version=&#8221;4.16&#8243; global_colors_info=&#8221;{}&#8221;][et_pb_text _builder_version=&#8221;4.27.6&#8243; _module_preset=&#8221;default&#8221; hover_enabled=&#8221;0&#8243; global_colors_info=&#8221;{}&#8221; sticky_enabled=&#8221;0&#8243;]<\/p>\n<h2>Szukamy elektryk\u00f3w (m\/k\/d)<\/h2>\n<h3>W celu wzmocnienia naszego zespo\u0142u poszukujemy od zaraz<br \/>wsparcia w zakresie instalacji elektrycznych oraz serwisu.<\/h3>\n<p>&nbsp;<\/p>\n<p>Twoje zadania:<\/p>\n<ul>\n<li>Monta\u017c instalacji elektrycznych \/ monta\u017c o\u015bwietlenia<\/li>\n<li>Uk\u0142adanie przewod\u00f3w i tras kablowych<\/li>\n<li>Og\u00f3lne prace elektryczne<\/li>\n<\/ul>\n<p>Wymagania:<\/p>\n<ul>\n<li>Prawo jazdy kategorii B<\/li>\n<li>Rzetelno\u015b\u0107 i umiej\u0119tno\u015b\u0107 pracy w zespole<\/li>\n<\/ul>\n<p>Oferujemy:<\/p>\n<ul>\n<li>Interesuj\u0105ce remonty hoteli i du\u017ce projekty wewn\u0119trzne<\/li>\n<li>Wynagrodzenie powy\u017cej \u015bredniej<\/li>\n<li>Nowoczesne narz\u0119dzia i przyjazna atmosfer\u0119 w zespole<\/li>\n<\/ul>\n<p>Zainteresowany? Skontaktuj si\u0119 z nami lub wy\u015blij swoje CV na adres: <a href=\"mailto:info@etm-elektro.com\">info@etm-elektro.com<\/a><\/p>\n<p>[\/et_pb_text][\/et_pb_column][\/et_pb_row][\/et_pb_section]<\/p>\n","protected":false},"excerpt":{"rendered":"<p>Szukamy elektryk\u00f3w (m\/k\/d) W celu wzmocnienia naszego zespo\u0142u poszukujemy od zarazwsparcia w zakresie instalacji elektrycznych oraz serwisu. &nbsp; Twoje zadania: Monta\u017c instalacji elektrycznych \/ monta\u017c o\u015bwietlenia Uk\u0142adanie przewod\u00f3w i tras kablowych Og\u00f3lne prace elektryczne Wymagania: Prawo jazdy kategorii B Rzetelno\u015b\u0107 i umiej\u0119tno\u015b\u0107 pracy w zespole Oferujemy: Interesuj\u0105ce remonty hoteli i du\u017ce projekty wewn\u0119trzne Wynagrodzenie powy\u017cej\u2026 <a href=\"https:\/\/www.etm-elektro.com\/pl\/kariera\/\">Read More &raquo;<\/a><\/p>\n","protected":false},"author":8,"featured_media":0,"parent":0,"menu_order":0,"comment_status":"closed","ping_status":"closed","template":"","meta":{"_et_pb_use_builder":"on","_et_pb_old_content":"","_et_gb_content_width":"","inline_featured_image":false,"footnotes":""},"class_list":["post-3884","page","type-page","status-publish","hentry"],"_links":{"self":[{"href":"https:\/\/www.etm-elektro.com\/pl\/wp-json\/wp\/v2\/pages\/3884","targetHints":{"allow":["GET"]}}],"collection":[{"href":"https:\/\/www.etm-elektro.com\/pl\/wp-json\/wp\/v2\/pages"}],"about":[{"href":"https:\/\/www.etm-elektro.com\/pl\/wp-json\/wp\/v2\/types\/page"}],"author":[{"embeddable":true,"href":"https:\/\/www.etm-elektro.com\/pl\/wp-json\/wp\/v2\/users\/8"}],"replies":[{"embeddable":true,"href":"https:\/\/www.etm-elektro.com\/pl\/wp-json\/wp\/v2\/comments?post=3884"}],"version-history":[{"count":22,"href":"https:\/\/www.etm-elektro.com\/pl\/wp-json\/wp\/v2\/pages\/3884\/revisions"}],"predecessor-version":[{"id":3932,"href":"https:\/\/www.etm-elektro.com\/pl\/wp-json\/wp\/v2\/pages\/3884\/revisions\/3932"}],"wp:attachment":[{"href":"https:\/\/www.etm-elektro.com\/pl\/wp-json\/wp\/v2\/media?parent=3884"}],"curies":[{"name":"wp","href":"https:\/\/api.w.org\/{rel}","templated":true}]}}